{"id":16,"date":"2026-03-21T08:10:29","date_gmt":"2026-03-21T08:10:29","guid":{"rendered":"https:\/\/romaniangcse.co.uk\/?page_id=16"},"modified":"2026-05-06T08:40:44","modified_gmt":"2026-05-06T08:40:44","slug":"how-you-can-help","status":"publish","type":"page","link":"https:\/\/romaniangcse.co.uk\/ro\/how-you-can-help\/","title":{"rendered":"Cum po\u021bi ajuta"},"content":{"rendered":"<div class=\"wp-block-cover alignfull section-help-cta-1 js-in-stagger-group\" style=\"min-height:50vh;aspect-ratio:unset;\"><img decoding=\"async\" width=\"1024\" height=\"682\" class=\"wp-block-cover__image-background wp-image-117 size-large\" alt=\"\" src=\"https:\/\/romaniangcse.co.uk\/wp-content\/uploads\/2026\/03\/eleni-koureas-NE4sG0uiy-s-unsplash-1024x682.webp\" data-object-fit=\"cover\" srcset=\"https:\/\/romaniangcse.co.uk\/wp-content\/uploads\/2026\/03\/eleni-koureas-NE4sG0uiy-s-unsplash-1024x682.webp 1024w, https:\/\/romaniangcse.co.uk\/wp-content\/uploads\/2026\/03\/eleni-koureas-NE4sG0uiy-s-unsplash-300x200.webp 300w, https:\/\/romaniangcse.co.uk\/wp-content\/uploads\/2026\/03\/eleni-koureas-NE4sG0uiy-s-unsplash-768x512.webp 768w, https:\/\/romaniangcse.co.uk\/wp-content\/uploads\/2026\/03\/eleni-koureas-NE4sG0uiy-s-unsplash-1536x1024.webp 1536w, https:\/\/romaniangcse.co.uk\/wp-content\/uploads\/2026\/03\/eleni-koureas-NE4sG0uiy-s-unsplash-18x12.webp 18w, https:\/\/romaniangcse.co.uk\/wp-content\/uploads\/2026\/03\/eleni-koureas-NE4sG0uiy-s-unsplash.webp 2000w\" sizes=\"(max-width: 1024px) 100vw, 1024px\" \/><span aria-hidden=\"true\" class=\"wp-block-cover__background has-ast-global-color-6-background-color has-background-dim-70 has-background-dim\"><\/span><div class=\"wp-block-cover__inner-container is-layout-constrained wp-block-cover-is-layout-constrained\">\n<h2 class=\"wp-block-heading has-text-align-center js-in-stagger has-ast-global-color-4-color has-text-color has-link-color has-large-font-size wp-elements-c008ca46f618f9677cd4b605eb07bed4\"><strong><strong>Sus\u021bine GCSE-ul pentru limba rom\u00e2n\u0103<\/strong><\/strong><\/h2>\n\n\n\n<p class=\"has-text-align-center js-in-stagger has-ast-global-color-4-color has-text-color has-link-color wp-elements-6a82b164342fdbc7a875fe104cf1deb5\"><strong>Ajut\u0103-ne s\u0103 introducem limba rom\u00e2n\u0103 ca materie op\u021bional\u0103 GCSE \u00een sistemul educa\u021bional britanic.<\/strong><br><\/p>\n\n\n\n<div class=\"wp-block-group js-in-stagger is-content-justification-center is-nowrap is-layout-flex wp-container-core-group-is-layout-23441af8 wp-block-group-is-layout-flex\">\n<div class=\"wp-block-buttons is-content-justification-center is-layout-flex wp-container-core-buttons-is-layout-a89b3969 wp-block-buttons-is-layout-flex\">\n<div class=\"wp-block-button\"><a class=\"wp-block-button__link wp-element-button\" href=\"https:\/\/gareththomas.org.uk\/petition-asking-exam-boards-to-offer-romanian-as-a-gcse-and-a-level-subject\/\" target=\"_blank\" rel=\"noreferrer noopener\"><strong>Semneaz\u0103 PETI\u021aIA<\/strong><\/a><\/div>\n\n\n\n<div class=\"wp-block-button\"><a class=\"wp-block-button__link wp-element-button\" href=\"https:\/\/form.jotform.com\/260113622781046\" target=\"_blank\" rel=\"noreferrer noopener\"><strong>\u00censcrie-\u021bi COPILUL<\/strong><\/a><\/div>\n\n\n\n<div class=\"wp-block-button\"><a class=\"wp-block-button__link has-text-align-center wp-element-button\" href=\"https:\/\/form.jotform.com\/260113622781046\" target=\"_blank\" rel=\"noreferrer noopener\"><strong><strong>\u00censcrie-te ca VOLUNTAR<\/strong><\/strong><\/a><\/div>\n<\/div>\n<\/div>\n<\/div><\/div>\n\n\n\n<div class=\"wp-block-group alignfull section-help-cta-2 is-layout-constrained wp-block-group-is-layout-constrained\" style=\"padding-top:var(--wp--preset--spacing--80);padding-bottom:var(--wp--preset--spacing--80)\">\n<h3 class=\"wp-block-heading has-text-align-center has-vivid-red-color has-text-color has-link-color wp-elements-6879c26c7ac4947a4fd14fc15f215102\">Please don&#8217;t leave this page without signing the petition.&nbsp;<\/h3>\n\n\n\n<p class=\"has-text-align-center\">Fiecare semn\u0103tur\u0103 conteaz\u0103. Dac\u0103 demonstr\u0103m un sprijin mai mare, argumentul nostru pentru schimbare va fi mai puternic.<\/p>\n\n\n\n<div class=\"wp-block-group is-content-justification-center is-nowrap is-layout-flex wp-container-core-group-is-layout-23441af8 wp-block-group-is-layout-flex\">\n<div class=\"wp-block-buttons is-content-justification-center is-layout-flex wp-container-core-buttons-is-layout-a89b3969 wp-block-buttons-is-layout-flex\">\n<div class=\"wp-block-button\"><a class=\"wp-block-button__link wp-element-button\" href=\"https:\/\/gareththomas.org.uk\/petition-asking-exam-boards-to-offer-romanian-as-a-gcse-and-a-level-subject\/\" target=\"_blank\" rel=\"noreferrer noopener\"><strong>S<\/strong>Semneaz\u0103 PETI\u021aIA<\/a><\/div>\n<\/div>\n<\/div>\n<\/div>\n\n\n\n<div class=\"wp-block-group alignfull section-help-mp has-ast-global-color-4-color has-text-color has-background has-link-color wp-elements-f882e8c5c3d3a27ce8e499ff7a768ca6 is-layout-constrained wp-block-group-is-layout-constrained\" id=\"send-to-mp\" style=\"background-color:#002b7f\">\n<h2 class=\"wp-block-heading has-text-align-left has-ast-global-color-4-color has-text-color has-link-color wp-elements-26854727409d446f476150cb35c938f4\">TRIMITE-I O SCRISOARE PARLAMENTARULUI T\u0102U (MEMBER OF PARLIAMENT\/MP)<\/h2>\n\n\n\n<div class=\"wp-block-columns is-layout-flex wp-container-core-columns-is-layout-28f84493 wp-block-columns-is-layout-flex\">\n<div class=\"wp-block-column is-layout-flow wp-block-column-is-layout-flow\" style=\"flex-basis:50%\">\n<p><\/p>\n\n\n\n<p>Parlamentarul t\u0103u poate sprijini introducerea examenului GCSE la limba rom\u00e2n\u0103. Un mesaj clar conteaz\u0103.<\/p>\n\n\n\n<p>De ce este important:<\/p>\n\n\n\n<ul class=\"wp-block-list\">\n<li>Parlamentarii influen\u021beaz\u0103 deciziile din educa\u021bie<\/li>\n\n\n\n<li>Num\u0103rul cererilor conteaz\u0103<\/li>\n\n\n\n<li>Ministrul Educa\u021biei va reac\u021biona dac\u0103 cer suficien\u021bi parlamentari.<\/li>\n<\/ul>\n<\/div>\n\n\n\n<div class=\"wp-block-column is-layout-flow wp-block-column-is-layout-flow\" style=\"flex-basis:50%\">\n<p class=\"has-text-align-center template-title\">Model de scrisoare<\/p>\n\n\n\n<blockquote class=\"wp-block-quote template-letter is-layout-flow wp-block-quote-is-layout-flow\">\n<p>Dear<\/p>\n\n\n\n<p>As one of your constituents and a proud British-Romanian I am writing to request the introduction of an optional Romanian GCSE. Despite being the second most spoken foreign language in the UK, it is not one of the 20 foreign language GCSEs available in the UK education system.<\/p>\n\n\n\n<p>Please could you write as soon as possible to the Secretary of State for Education, Bridget Phillipson, and insist on our behalf that this anomaly is rectified. Without GCSE accreditation our school children (approximately 155 000) lack a vital incentive to hold onto their native Latin language (a brilliant gateway for other European languages). A GCSE would accord them the same recognition as other far smaller foreign national minorities.<\/p>\n\n\n\n<p>To highlight the importance of a GCSE to the 1million-plus Romanian community in Britain, there was a very successful event held on 27 April in Boothroyd Room, Portcullis House, Westminster\u00a0hosted by Gareth Thomas MP, the GCSE campaign group and the Romanian and Republic of Moldova Embassies. Cross party support included MPs Helen Hayes, Stella Creasy, Harriet Baldwin, Mark Sewards, Caroline Nokes, Nigel Huddleston and Tonia Antoniazzi.<\/p>\n\n\n\n<p>Please visit the <a href=\"https:\/\/romaniangcse.co.uk\/ro\/\"><em>Romanian GCSE website<\/em><\/a> with all the relevant links to see how important this is to our community.<\/p>\n\n\n\n<p>Thank you very much for considering my request.<\/p>\n\n\n\n<p>Name and Address<\/p>\n<\/blockquote>\n<\/div>\n<\/div>\n\n\n\n<h3 class=\"wp-block-heading has-text-align-center has-ast-global-color-4-color has-text-color has-link-color wp-elements-0dd0e2bb654ee3289e9070be6b2660b5\">Pa\u0219i rapizi:<\/h3>\n\n\n\n<div class=\"wp-block-group step-ol-wrap is-layout-constrained wp-block-group-is-layout-constrained\">\n<ol class=\"wp-block-list\">\n<li>Copiaz\u0103 modelul de scrisoare (sau, \u0219i mai bine, scrie una proprie)&nbsp;<\/li>\n\n\n\n<li>Adaug\u0103 detalii personale<\/li>\n\n\n\n<li>Send it to your MP and cc us (hello@romaniangcse.co.uk)<\/li>\n<\/ol>\n<\/div>\n\n\n\n<div class=\"wp-block-group is-content-justification-center is-nowrap is-layout-flex wp-container-core-group-is-layout-23441af8 wp-block-group-is-layout-flex\">\n<div class=\"wp-block-buttons is-content-justification-center is-layout-flex wp-container-core-buttons-is-layout-a89b3969 wp-block-buttons-is-layout-flex\">\n<div class=\"wp-block-button template-letter-btn\"><a class=\"wp-block-button__link wp-element-button\">Copiaz\u0103 Scrisoarea!<\/a><\/div>\n\n\n\n<div class=\"wp-block-button\"><a class=\"wp-block-button__link wp-element-button\" href=\"https:\/\/members.parliament.uk\/members\/commons\" target=\"_blank\" rel=\"noreferrer noopener\">G\u0103se\u0219te Parlamentarul T\u0103u!<\/a><\/div>\n<\/div>\n<\/div>\n\n\n\n<p class=\"has-text-align-center\"><p class=\"has-text-align-center copy-result\" style=\"display:none;\">letter copied to clipboard!<\/p><\/p>\n\n\n\n<script>\ndocument.addEventListener('DOMContentLoaded', function () {\n  var btn = document.querySelector('.template-letter-btn a');\n  var result = document.querySelector('.copy-result');\n  if (!btn) return;\n  btn.addEventListener('click', function (e) {\n    e.preventDefault();\n    var quote = document.querySelector('blockquote.template-letter');\n    if (!quote) return;\n    var paragraphs = quote.querySelectorAll('p');\n    var lines = [];\n    paragraphs.forEach(function (p) {\n      var line = (p.innerText || p.textContent).trim();\n      if (line) lines.push(line);\n    });\n    var text = lines.join('\\n\\n');\n    text = text.replace(\/\\n{3,}\/g, '\\n\\n');\n    if (navigator.clipboard && window.isSecureContext) {\n      navigator.clipboard.writeText(text).then(function () { showResult(); });\n    } else {\n      var ta = document.createElement('textarea');\n      ta.value = text; ta.style.position = 'fixed'; ta.style.opacity = '0';\n      document.body.appendChild(ta); ta.focus(); ta.select();\n      document.execCommand('copy'); document.body.removeChild(ta);\n      showResult();\n    }\n  });\n  function showResult() {\n    if (result) {\n      result.style.display = 'block';\n      setTimeout(function () { result.style.display = 'none'; }, 3000);\n    }\n  }\n});\n<\/script>\n<\/div>\n\n\n\n<div class=\"wp-block-group alignfull section-help-school is-layout-constrained wp-block-group-is-layout-constrained\">\n<h2 class=\"wp-block-heading has-text-align-left has-vivid-red-color has-text-color has-link-color wp-elements-49054999f633658279cc30ac097581d8\"><strong>SEND A LETTER TO YOUR CHILD&#8217;S SCHOOL<\/strong><\/h2>\n\n\n\n<div class=\"wp-block-group is-layout-constrained wp-block-group-is-layout-constrained\">\n<p><strong>CERE \u0218COLII TALE S\u0102 SPRIJINE INTRODUCEREA EXAMENULUI GCSE LA LIMBA ROM\u00c2N\u0102<\/strong><\/p>\n\n\n\n<p>\u0218colile pot sus\u021bine introducerea unei noi materii. Cererea p\u0103rin\u021bilor conteaz\u0103.<\/p>\n\n\n\n<p>De ce este important:<\/p>\n\n\n\n<ul class=\"wp-block-list\">\n<li>\u0218colile pot propune noi examene<\/li>\n\n\n\n<li>Pot sus\u021bine cererea \u00een r\u00e2ndul comisiilor de examinare<\/li>\n<\/ul>\n<\/div>\n\n\n\n<h3 class=\"wp-block-heading has-text-align-center\">Pa\u0219i rapizi:<\/h3>\n\n\n\n<div class=\"wp-block-group step-ol-wrap is-layout-constrained wp-block-group-is-layout-constrained\">\n<ol class=\"wp-block-list\">\n<li>Folose\u0219te modelul de scrisoare<\/li>\n\n\n\n<li>Trimite c\u0103tre conducerea \u0219colii<\/li>\n<\/ol>\n<\/div>\n\n\n\n<div class=\"wp-block-group is-content-justification-center is-nowrap is-layout-flex wp-container-core-group-is-layout-23441af8 wp-block-group-is-layout-flex\">\n<div class=\"wp-block-buttons is-content-justification-center is-layout-flex wp-container-core-buttons-is-layout-a89b3969 wp-block-buttons-is-layout-flex\">\n<div class=\"wp-block-button\"><a class=\"wp-block-button__link wp-element-button\"><strong>Copiaz\u0103 scrisoarea pentru \u0219coal\u0103!<\/strong><\/a><\/div>\n<\/div>\n<\/div>\n<\/div>\n\n\n\n\n\n<div class=\"wp-block-group alignfull section-help-other is-layout-constrained wp-block-group-is-layout-constrained\">\n<h2 class=\"wp-block-heading has-text-align-left has-vivid-red-color has-text-color has-link-color wp-elements-190284855423ff30e23cfea136c6b364\">ALTE METODE PRIN CARE NE PO\u021aI AJUTA<\/h2>\n\n\n\n<p class=\"has-text-align-left\"><strong>Implic\u0103-te \u00een comunitate<\/strong><\/p>\n\n\n\n<p class=\"has-text-align-left\">Po\u021bi ajuta \u0219i f\u0103r\u0103 costuri.<\/p>\n\n\n\n<h3 class=\"wp-block-heading has-text-align-left\">Idei:<\/h3>\n\n\n\n<ul class=\"wp-block-list\">\n<li>Distribuie campania pe social media<\/li>\n\n\n\n<li>Vorbe\u0219te cu al\u021bi p\u0103rin\u021bi<\/li>\n\n\n\n<li>Implic\u0103 organiza\u021bii locale<\/li>\n\n\n\n<li>Promoveaz\u0103 \u00een \u0219coli \u0219i comunit\u0103\u021bi<\/li>\n<\/ul>\n\n\n\n<div class=\"wp-block-group section-home-social is-content-justification-center is-nowrap is-layout-flex wp-container-core-group-is-layout-23441af8 wp-block-group-is-layout-flex\">\n<ul class=\"wp-block-social-links wp-block-button is-content-justification-center is-layout-flex wp-container-core-social-links-is-layout-a89b3969 wp-block-social-links-is-layout-flex\"><li class=\"wp-social-link wp-social-link-facebook  wp-block-social-link\"><a href=\"https:\/\/www.facebook.com\/people\/Tessa-Dunlop\/100044082918367\/\" class=\"wp-block-social-link-anchor\"><svg width=\"24\" height=\"24\" viewbox=\"0 0 24 24\" version=\"1.1\" xmlns=\"http:\/\/www.w3.org\/2000\/svg\" aria-hidden=\"true\" focusable=\"false\"><path d=\"M12 2C6.5 2 2 6.5 2 12c0 5 3.7 9.1 8.4 9.9v-7H7.9V12h2.5V9.8c0-2.5 1.5-3.9 3.8-3.9 1.1 0 2.2.2 2.2.2v2.5h-1.3c-1.2 0-1.6.8-1.6 1.6V12h2.8l-.4 2.9h-2.3v7C18.3 21.1 22 17 22 12c0-5.5-4.5-10-10-10z\"><\/path><\/svg><span class=\"wp-block-social-link-label screen-reader-text\">Facebook<\/span><\/a><\/li>\n\n<li class=\"wp-social-link wp-social-link-tiktok  wp-block-social-link\"><a href=\"https:\/\/www.tiktok.com\/@tessapestetot\" class=\"wp-block-social-link-anchor\"><svg width=\"24\" height=\"24\" viewbox=\"0 0 32 32\" version=\"1.1\" xmlns=\"http:\/\/www.w3.org\/2000\/svg\" aria-hidden=\"true\" focusable=\"false\"><path d=\"M16.708 0.027c1.745-0.027 3.48-0.011 5.213-0.027 0.105 2.041 0.839 4.12 2.333 5.563 1.491 1.479 3.6 2.156 5.652 2.385v5.369c-1.923-0.063-3.855-0.463-5.6-1.291-0.76-0.344-1.468-0.787-2.161-1.24-0.009 3.896 0.016 7.787-0.025 11.667-0.104 1.864-0.719 3.719-1.803 5.255-1.744 2.557-4.771 4.224-7.88 4.276-1.907 0.109-3.812-0.411-5.437-1.369-2.693-1.588-4.588-4.495-4.864-7.615-0.032-0.667-0.043-1.333-0.016-1.984 0.24-2.537 1.495-4.964 3.443-6.615 2.208-1.923 5.301-2.839 8.197-2.297 0.027 1.975-0.052 3.948-0.052 5.923-1.323-0.428-2.869-0.308-4.025 0.495-0.844 0.547-1.485 1.385-1.819 2.333-0.276 0.676-0.197 1.427-0.181 2.145 0.317 2.188 2.421 4.027 4.667 3.828 1.489-0.016 2.916-0.88 3.692-2.145 0.251-0.443 0.532-0.896 0.547-1.417 0.131-2.385 0.079-4.76 0.095-7.145 0.011-5.375-0.016-10.735 0.025-16.093z\" \/><\/svg><span class=\"wp-block-social-link-label screen-reader-text\">TikTok<\/span><\/a><\/li>\n\n<li class=\"wp-social-link wp-social-link-instagram  wp-block-social-link\"><a href=\"https:\/\/www.instagram.com\/tessapestetot\/\" class=\"wp-block-social-link-anchor\"><svg width=\"24\" height=\"24\" viewbox=\"0 0 24 24\" version=\"1.1\" xmlns=\"http:\/\/www.w3.org\/2000\/svg\" aria-hidden=\"true\" focusable=\"false\"><path d=\"M12,4.622c2.403,0,2.688,0.009,3.637,0.052c0.877,0.04,1.354,0.187,1.671,0.31c0.42,0.163,0.72,0.358,1.035,0.673 c0.315,0.315,0.51,0.615,0.673,1.035c0.123,0.317,0.27,0.794,0.31,1.671c0.043,0.949,0.052,1.234,0.052,3.637 s-0.009,2.688-0.052,3.637c-0.04,0.877-0.187,1.354-0.31,1.671c-0.163,0.42-0.358,0.72-0.673,1.035 c-0.315,0.315-0.615,0.51-1.035,0.673c-0.317,0.123-0.794,0.27-1.671,0.31c-0.949,0.043-1.233,0.052-3.637,0.052 s-2.688-0.009-3.637-0.052c-0.877-0.04-1.354-0.187-1.671-0.31c-0.42-0.163-0.72-0.358-1.035-0.673 c-0.315-0.315-0.51-0.615-0.673-1.035c-0.123-0.317-0.27-0.794-0.31-1.671C4.631,14.688,4.622,14.403,4.622,12 s0.009-2.688,0.052-3.637c0.04-0.877,0.187-1.354,0.31-1.671c0.163-0.42,0.358-0.72,0.673-1.035 c0.315-0.315,0.615-0.51,1.035-0.673c0.317-0.123,0.794-0.27,1.671-0.31C9.312,4.631,9.597,4.622,12,4.622 M12,3 C9.556,3,9.249,3.01,8.289,3.054C7.331,3.098,6.677,3.25,6.105,3.472C5.513,3.702,5.011,4.01,4.511,4.511 c-0.5,0.5-0.808,1.002-1.038,1.594C3.25,6.677,3.098,7.331,3.054,8.289C3.01,9.249,3,9.556,3,12c0,2.444,0.01,2.751,0.054,3.711 c0.044,0.958,0.196,1.612,0.418,2.185c0.23,0.592,0.538,1.094,1.038,1.594c0.5,0.5,1.002,0.808,1.594,1.038 c0.572,0.222,1.227,0.375,2.185,0.418C9.249,20.99,9.556,21,12,21s2.751-0.01,3.711-0.054c0.958-0.044,1.612-0.196,2.185-0.418 c0.592-0.23,1.094-0.538,1.594-1.038c0.5-0.5,0.808-1.002,1.038-1.594c0.222-0.572,0.375-1.227,0.418-2.185 C20.99,14.751,21,14.444,21,12s-0.01-2.751-0.054-3.711c-0.044-0.958-0.196-1.612-0.418-2.185c-0.23-0.592-0.538-1.094-1.038-1.594 c-0.5-0.5-1.002-0.808-1.594-1.038c-0.572-0.222-1.227-0.375-2.185-0.418C14.751,3.01,14.444,3,12,3L12,3z M12,7.378 c-2.552,0-4.622,2.069-4.622,4.622S9.448,16.622,12,16.622s4.622-2.069,4.622-4.622S14.552,7.378,12,7.378z M12,15 c-1.657,0-3-1.343-3-3s1.343-3,3-3s3,1.343,3,3S13.657,15,12,15z M16.804,6.116c-0.596,0-1.08,0.484-1.08,1.08 s0.484,1.08,1.08,1.08c0.596,0,1.08-0.484,1.08-1.08S17.401,6.116,16.804,6.116z\"><\/path><\/svg><span class=\"wp-block-social-link-label screen-reader-text\">Instagram<\/span><\/a><\/li>\n\n<li class=\"wp-social-link wp-social-link-x  wp-block-social-link\"><a href=\"https:\/\/x.com\/Tessadunlop%20\" class=\"wp-block-social-link-anchor\"><svg width=\"24\" height=\"24\" viewbox=\"0 0 24 24\" version=\"1.1\" xmlns=\"http:\/\/www.w3.org\/2000\/svg\" aria-hidden=\"true\" focusable=\"false\"><path d=\"M13.982 10.622 20.54 3h-1.554l-5.693 6.618L8.745 3H3.5l6.876 10.007L3.5 21h1.554l6.012-6.989L15.868 21h5.245l-7.131-10.378Zm-2.128 2.474-.697-.997-5.543-7.93H8l4.474 6.4.697.996 5.815 8.318h-2.387l-4.745-6.787Z\" \/><\/svg><span class=\"wp-block-social-link-label screen-reader-text\">X<\/span><\/a><\/li><\/ul>\n<\/div>\n<\/div>\n\n\n\n<p><\/p>","protected":false},"excerpt":{"rendered":"<p>Please don&#8217;t leave this page without signing the petition.&nbsp; Every signature matters. The more support we show, the stronger the [&hellip;]<\/p>\n","protected":false},"author":1,"featured_media":0,"parent":0,"menu_order":0,"comment_status":"closed","ping_status":"closed","template":"","meta":{"site-sidebar-layout":"default","site-content-layout":"","ast-site-content-layout":"default","site-content-style":"default","site-sidebar-style":"default","ast-global-header-display":"","ast-banner-title-visibility":"disabled","ast-main-header-display":"","ast-hfb-above-header-display":"","ast-hfb-below-header-display":"","ast-hfb-mobile-header-display":"","site-post-title":"","ast-breadcrumbs-content":"","ast-featured-img":"","footer-sml-layout":"","ast-disable-related-posts":"","theme-transparent-header-meta":"","adv-header-id-meta":"","stick-header-meta":"","header-above-stick-meta":"","header-main-stick-meta":"","header-below-stick-meta":"","astra-migrate-meta-layouts":"default","ast-page-background-enabled":"default","ast-page-background-meta":{"desktop":{"background-color":"var(--ast-global-color-5)","background-image":"","background-repeat":"repeat","background-position":"center center","background-size":"auto","background-attachment":"scroll","background-type":"","background-media":"","overlay-type":"","overlay-color":"","overlay-opacity":"","overlay-gradient":""},"tablet":{"background-color":"","background-image":"","background-repeat":"repeat","background-position":"center center","background-size":"auto","background-attachment":"scroll","background-type":"","background-media":"","overlay-type":"","overlay-color":"","overlay-opacity":"","overlay-gradient":""},"mobile":{"background-color":"","background-image":"","background-repeat":"repeat","background-position":"center center","background-size":"auto","background-attachment":"scroll","background-type":"","background-media":"","overlay-type":"","overlay-color":"","overlay-opacity":"","overlay-gradient":""}},"ast-content-background-meta":{"desktop":{"background-color":"var(--ast-global-color-4)","background-image":"","background-repeat":"repeat","background-position":"center center","background-size":"auto","background-attachment":"scroll","background-type":"","background-media":"","overlay-type":"","overlay-color":"","overlay-opacity":"","overlay-gradient":""},"tablet":{"background-color":"var(--ast-global-color-4)","background-image":"","background-repeat":"repeat","background-position":"center center","background-size":"auto","background-attachment":"scroll","background-type":"","background-media":"","overlay-type":"","overlay-color":"","overlay-opacity":"","overlay-gradient":""},"mobile":{"background-color":"var(--ast-global-color-4)","background-image":"","background-repeat":"repeat","background-position":"center center","background-size":"auto","background-attachment":"scroll","background-type":"","background-media":"","overlay-type":"","overlay-color":"","overlay-opacity":"","overlay-gradient":""}},"footnotes":""},"class_list":["post-16","page","type-page","status-publish","hentry"],"_links":{"self":[{"href":"https:\/\/romaniangcse.co.uk\/ro\/wp-json\/wp\/v2\/pages\/16","targetHints":{"allow":["GET"]}}],"collection":[{"href":"https:\/\/romaniangcse.co.uk\/ro\/wp-json\/wp\/v2\/pages"}],"about":[{"href":"https:\/\/romaniangcse.co.uk\/ro\/wp-json\/wp\/v2\/types\/page"}],"author":[{"embeddable":true,"href":"https:\/\/romaniangcse.co.uk\/ro\/wp-json\/wp\/v2\/users\/1"}],"replies":[{"embeddable":true,"href":"https:\/\/romaniangcse.co.uk\/ro\/wp-json\/wp\/v2\/comments?post=16"}],"version-history":[{"count":84,"href":"https:\/\/romaniangcse.co.uk\/ro\/wp-json\/wp\/v2\/pages\/16\/revisions"}],"predecessor-version":[{"id":520,"href":"https:\/\/romaniangcse.co.uk\/ro\/wp-json\/wp\/v2\/pages\/16\/revisions\/520"}],"wp:attachment":[{"href":"https:\/\/romaniangcse.co.uk\/ro\/wp-json\/wp\/v2\/media?parent=16"}],"curies":[{"name":"wp","href":"https:\/\/api.w.org\/{rel}","templated":true}]}}